{"id":2620,"date":"2024-07-17T20:10:12","date_gmt":"2024-07-17T19:10:12","guid":{"rendered":"https:\/\/format.industries\/performance-kamerafahrzeug-fahraufnahmen-nurburgring\/"},"modified":"2025-02-25T16:49:14","modified_gmt":"2025-02-25T15:49:14","slug":"performance-kamerafahrzeug-fahraufnahmen-nurburgring","status":"publish","type":"page","link":"https:\/\/format.industries\/de\/performance-kamerafahrzeug-fahraufnahmen-nurburgring\/","title":{"rendered":"Kamerafahrzeug N\u00fcrburgring"},"content":{"rendered":"[vc_row type=&#8220;full_width_content&#8220; full_screen_row_position=&#8220;middle&#8220; column_margin=&#8220;default&#8220; column_direction=&#8220;default&#8220; column_direction_tablet=&#8220;default&#8220; column_direction_phone=&#8220;default&#8220; bg_image=&#8220;2383&#8243; bg_position=&#8220;center bottom&#8220; background_image_loading=&#8220;default&#8220; bg_repeat=&#8220;no-repeat&#8220; full_height=&#8220;yes&#8220; scene_position=&#8220;center&#8220; left_padding_desktop=&#8220;10%&#8220; right_padding_desktop=&#8220;10%&#8220; text_color=&#8220;light&#8220; text_align=&#8220;left&#8220; row_border_radius=&#8220;none&#8220; row_border_radius_applies=&#8220;bg&#8220; overflow=&#8220;visible&#8220; enable_gradient=&#8220;true&#8220; color_overlay=&#8220;#000000&#8243; color_overlay_2=&#8220;rgba(0,0,0,0.23)&#8220; overlay_strength=&#8220;0.8&#8243; gradient_direction=&#8220;top_to_bottom&#8220; shape_divider_position=&#8220;bottom&#8220; bg_image_animation=&#8220;none&#8220; gradient_type=&#8220;default&#8220; shape_type=&#8220;&#8220;][vc_column column_padding=&#8220;no-extra-padding&#8220; column_padding_tablet=&#8220;inherit&#8220; column_padding_phone=&#8220;inherit&#8220; column_padding_position=&#8220;all&#8220; column_element_direction_desktop=&#8220;default&#8220; column_element_spacing=&#8220;default&#8220; desktop_text_alignment=&#8220;default&#8220; tablet_text_alignment=&#8220;default&#8220; phone_text_alignment=&#8220;default&#8220; background_color_opacity=&#8220;1&#8243; background_hover_color_opacity=&#8220;1&#8243; column_backdrop_filter=&#8220;none&#8220; column_shadow=&#8220;none&#8220; column_border_radius=&#8220;none&#8220; column_link_target=&#8220;_self&#8220; column_position=&#8220;default&#8220; gradient_direction=&#8220;top_to_bottom&#8220; overlay_strength=&#8220;0.8&#8243; width=&#8220;1\/1&#8243; tablet_width_inherit=&#8220;default&#8220; animation_type=&#8220;parallax&#8220; animation_movement_type=&#8220;default&#8220; column_parallax_intensity=&#8220;-4&#8243; bg_image_animation=&#8220;none&#8220; border_type=&#8220;simple&#8220; column_border_width=&#8220;none&#8220; column_border_style=&#8220;solid&#8220; column_padding_type=&#8220;default&#8220; gradient_type=&#8220;default&#8220;][vc_custom_heading text=&#8220;Fahraufnahmen auf dem N\u00fcrburgring&#8220; font_container=&#8220;tag:h1|font_size:100|text_align:center|color:%23fe3230|line_height:1&#8243; use_theme_fonts=&#8220;yes&#8220; css=&#8220;&#8220;][\/vc_column][\/vc_row][vc_row type=&#8220;full_width_background&#8220; full_screen_row_position=&#8220;middle&#8220; column_margin=&#8220;default&#8220; column_direction=&#8220;default&#8220; column_direction_tablet=&#8220;default&#8220; column_direction_phone=&#8220;default&#8220; bg_color=&#8220;#000000&#8243; scene_position=&#8220;center&#8220; bottom_padding=&#8220;10%&#8220; left_padding_desktop=&#8220;2%&#8220; right_padding_desktop=&#8220;2%&#8220; text_color=&#8220;dark&#8220; text_align=&#8220;left&#8220; row_border_radius=&#8220;none&#8220; row_border_radius_applies=&#8220;bg&#8220; overflow=&#8220;visible&#8220; overlay_strength=&#8220;0.3&#8243; gradient_direction=&#8220;left_to_right&#8220; shape_divider_position=&#8220;bottom&#8220; bg_image_animation=&#8220;none&#8220; gradient_type=&#8220;default&#8220; shape_type=&#8220;&#8220;][vc_column column_padding=&#8220;padding-5-percent&#8220; column_padding_tablet=&#8220;inherit&#8220; column_padding_phone=&#8220;inherit&#8220; column_padding_position=&#8220;bottom&#8220; top_margin=&#8220;-10&#8243; column_element_direction_desktop=&#8220;default&#8220; column_element_spacing=&#8220;default&#8220; desktop_text_alignment=&#8220;default&#8220; tablet_text_alignment=&#8220;default&#8220; phone_text_alignment=&#8220;default&#8220; background_color_opacity=&#8220;1&#8243; background_hover_color_opacity=&#8220;1&#8243; column_backdrop_filter=&#8220;none&#8220; column_shadow=&#8220;none&#8220; column_border_radius=&#8220;none&#8220; column_link_target=&#8220;_self&#8220; column_position=&#8220;default&#8220; gradient_direction=&#8220;left_to_right&#8220; overlay_strength=&#8220;0.3&#8243; width=&#8220;1\/1&#8243; tablet_width_inherit=&#8220;default&#8220; animation_type=&#8220;default&#8220; bg_image_animation=&#8220;none&#8220; border_type=&#8220;simple&#8220; column_border_width=&#8220;none&#8220; column_border_style=&#8220;solid&#8220; column_padding_type=&#8220;default&#8220; gradient_type=&#8220;default&#8220;][divider line_type=&#8220;No Line&#8220; custom_height=&#8220;50&#8243;][nectar_responsive_text text_color=&#8220;#fe3230&#8243; text_direction=&#8220;default&#8220; font_size_desktop=&#8220;35&#8243; font_size_tablet=&#8220;30&#8243; font_size_phone=&#8220;20&#8243; font_line_height=&#8220;1&#8243;]\n<p style=\"text-align: center;\"><span style=\"font-family: hdcolton-xwideblack;\">Bei FORMAT INDUSTRIES sind wir Experten f\u00fcr Filmaufnahmen auf Rennstrecken und Motorsport-Events, mit besonderem Fokus auf die GP-Strecke und die Nordschleife des legend\u00e4ren N\u00fcrburgrings. Mit unseren Kamerafahrzeugen fangen wir die Dynamik und Geschwindigkeit des Rennsports ein \u2013 durch atemberaubende Fahraufnahmen und pr\u00e4zises Fahrzeughandling, sowohl auf der Strecke als auch am Set. <\/span><\/p>\n<p style=\"text-align: center;\"><span style=\"font-family: hdcolton-xwideblack;\">Mit umfangreicher Erfahrung und tiefgehender Expertise im Bereich Rennstrecken-Filming garantieren wir einen reibungslosen Produktionsablauf und k\u00fcmmern uns effizient um alle Drehgenehmigungen. Unsere hochmoderne Ausr\u00fcstung und unser engagiertes Team setzen Ihre Vision mit Pr\u00e4zision und Qualit\u00e4t um. <\/span><\/p>\n<p style=\"text-align: center;\"><span style=\"font-family: hdcolton-xwideblack;\">Kontaktieren Sie uns, um Ihre Filmproduktion bei Motorsport-Events am N\u00fcrburgring auf das n\u00e4chste Level zu heben!<\/span><\/p>\n[\/nectar_responsive_text][\/vc_column][\/vc_row]\n","protected":false},"excerpt":{"rendered":"<p>[vc_row type=&#8220;full_width_content&#8220; full_screen_row_position=&#8220;middle&#8220; column_margin=&#8220;default&#8220; column_direction=&#8220;default&#8220; column_direction_tablet=&#8220;default&#8220; column_direction_phone=&#8220;default&#8220; bg_image=&#8220;2383&#8243; bg_position=&#8220;center bottom&#8220; background_image_loading=&#8220;default&#8220; bg_repeat=&#8220;no-repeat&#8220; full_height=&#8220;yes&#8220; scene_position=&#8220;center&#8220; left_padding_desktop=&#8220;10%&#8220; right_padding_desktop=&#8220;10%&#8220; text_color=&#8220;light&#8220; text_align=&#8220;left&#8220; row_border_radius=&#8220;none&#8220; row_border_radius_applies=&#8220;bg&#8220; overflow=&#8220;visible&#8220; enable_gradient=&#8220;true&#8220; color_overlay=&#8220;#000000&#8243; color_overlay_2=&#8220;rgba(0,0,0,0.23)&#8220; overlay_strength=&#8220;0.8&#8243; gradient_direction=&#8220;top_to_bottom&#8220; shape_divider_position=&#8220;bottom&#8220; bg_image_animation=&#8220;none&#8220; gradient_type=&#8220;default&#8220; shape_type=&#8220;&#8220;][vc_column&#8230;<\/p>\n","protected":false},"author":3,"featured_media":2152,"parent":0,"menu_order":0,"comment_status":"closed","ping_status":"closed","template":"","meta":{"footnotes":""},"class_list":["post-2620","page","type-page","status-publish","has-post-thumbnail"],"_links":{"self":[{"href":"https:\/\/format.industries\/de\/wp-json\/wp\/v2\/pages\/2620","targetHints":{"allow":["GET"]}}],"collection":[{"href":"https:\/\/format.industries\/de\/wp-json\/wp\/v2\/pages"}],"about":[{"href":"https:\/\/format.industries\/de\/wp-json\/wp\/v2\/types\/page"}],"author":[{"embeddable":true,"href":"https:\/\/format.industries\/de\/wp-json\/wp\/v2\/users\/3"}],"replies":[{"embeddable":true,"href":"https:\/\/format.industries\/de\/wp-json\/wp\/v2\/comments?post=2620"}],"version-history":[{"count":3,"href":"https:\/\/format.industries\/de\/wp-json\/wp\/v2\/pages\/2620\/revisions"}],"predecessor-version":[{"id":2710,"href":"https:\/\/format.industries\/de\/wp-json\/wp\/v2\/pages\/2620\/revisions\/2710"}],"wp:featuredmedia":[{"embeddable":true,"href":"https:\/\/format.industries\/de\/wp-json\/wp\/v2\/media\/2152"}],"wp:attachment":[{"href":"https:\/\/format.industries\/de\/wp-json\/wp\/v2\/media?parent=2620"}],"curies":[{"name":"wp","href":"https:\/\/api.w.org\/{rel}","templated":true}]}}